{"id":522,"date":"2014-01-03T12:16:43","date_gmt":"2014-01-03T11:16:43","guid":{"rendered":"http:\/\/erebe.olympe\/wordpress\/?page_id=522"},"modified":"2014-01-03T12:16:43","modified_gmt":"2014-01-03T11:16:43","slug":"conditions-generales-de-vente","status":"publish","type":"page","link":"http:\/\/filiera.timbru.com\/?page_id=522","title":{"rendered":"Informations L\u00e9gales"},"content":{"rendered":"<p><span style=\"color: #ff0000;\"><strong>GOOBIE <\/strong><\/span>&#8211; 23 Avenue LOUIS BREGUET\u00a0 &#8211; 78140 VELIZY-VILLACOUBLAY (t\u00e9l : +33 (0)1 30 67 74 13)<br \/>\nSARL au capital de 99.990 EUR<br \/>\nImmatricul\u00e9e au RCS de Versailles SIRET B 501 780 597<br \/>\nCode APE 7112B<br \/>\nCode TVA intra-communautaire FR-064501780597<\/p>\n<h2>Charte du Site<\/h2>\n<header>\n<h3>Informations<\/h3>\n<\/header>\n<section>Les informations qui vous concernent sont destin\u00e9es \u00e0 <span style=\"color: #ff0000;\"><strong>GOOBIE<\/strong><\/span>.<br \/>\nVous disposez d\u2019un droit d\u2019acc\u00e8s, de modification, de rectification et de suppression des donn\u00e9es qui vous concernent (art. 34 de la loi \u201cInformatique et libert\u00e9s\u201d du 06\/01\/78).<br \/>\nPour l\u2019exercer, adressez vous \u00e0 : <strong><span style=\"color: #ff0000;\">GOOBIE<\/span> <\/strong>&#8211; 23 Avenue LOUIS BREGUET\u00a0 &#8211; 78140 VELIZY-VILLACOUBLAY<\/section>\n<article>\n<header>\n<h3>Copyright<\/h3>\n<\/header>\n<section>Conform\u00e9ment aux textes et dispositions r\u00e9gissant les droits d\u2019auteurs, les droits de propri\u00e9t\u00e9 litt\u00e9raire et artistique et\/ou les droits voisins, la reproduction, la repr\u00e9sentation et l\u2019usage de tout ou partie des \u00e9l\u00e9ments composant le site de <strong><span style=\"color: #ff0000;\">GOOBIE<\/span><\/strong> (www.goobie.fr) \u00e0 des fins autres que priv\u00e9es sont interdites sans autorisation \u00e9crite de l\u2019\u00e9diteur du site.<br \/>\nLes images et les textes diffus\u00e9s sur ce site sont la propri\u00e9t\u00e9 exclusive de <strong><span style=\"color: #ff0000;\">GOOBIE<\/span> <\/strong>et ne peuvent en aucun cas \u00eatre t\u00e9l\u00e9charg\u00e9es, diffus\u00e9es, stock\u00e9es, enregistr\u00e9es, r\u00e9utilis\u00e9es, retransmises, modifi\u00e9es et plus g\u00e9n\u00e9ralement utilis\u00e9es \u00e0 d\u2019autres fins ou d\u2019une autre mani\u00e8re que celles express\u00e9ment mentionn\u00e9es aux pr\u00e9sentes, sans l\u2019autorisation \u00e9crite pr\u00e9alable de l\u2019\u00e9diteur du site.La loi incrimine au titre du d\u00e9lit de contrefa\u00e7on toute reproduction, repr\u00e9sentation ou diffusion, par quelque moyen que ce soit, d\u2019une ouvre de l\u2019esprit en violation des droits de l\u2019auteur, tels qu\u2019ils sont d\u00e9finis et r\u00e9glement\u00e9s par la loi (CPI, art L.335-3).<\/section>\n<\/article>\n<article>\n<header>\n<h3>Le Site<\/h3>\n<\/header>\n<section>\u00c9diteur : <strong><span style=\"color: #ff0000;\">GOOBIE<\/span><\/strong><br \/>\nDirecteur de la publication : Michel BENKEMOUN<br \/>\nConception et r\u00e9alisation : <strong><span style=\"color: #ff0000;\">GOOBIE<\/span><\/strong><br \/>\nH\u00e9bergeur : <a title=\"OVH\" href=\"http:\/\/www.ovh.com\" target=\"_blank\">OVH<\/a><\/section>\n<\/article>\n<p>Les informations et photographies pr\u00e9sent\u00e9es sur ce site sont donn\u00e9es \u00e0 titre indicatif et ne peuvent \u00eatre consid\u00e9r\u00e9es comme contractuelles.<br \/>\nLes contenus des sites tiers engagent la seule responsabilit\u00e9 de leurs \u00e9diteurs respectifs.<br \/>\n<span style=\"color: #ff0000;\"><strong>GOOBIE<\/strong> <\/span>se r\u00e9serve le droit de modifier le pr\u00e9sent site sans pr\u00e9avis<\/p>\n<h2>Conditions G\u00e9n\u00e9rales de Vente<\/h2>\n<p><a href=\"\/wp-content\/uploads\/2014\/05\/CGV-GOOBIE.pdf\">CGV GOOBIE<\/a><\/p>\n<h2>Accord de confidentialit\u00e9 (NDA)<\/h2>\n<p><a href=\"\/wp-content\/uploads\/2014\/05\/NDA_GENERIQUE_GOOBIE.pdf\">NDA_GENERIQUE_GOOBIE<\/a> (accord mutuel de droit fran\u00e7ais \/ version fran\u00e7aise)<\/p>\n","protected":false},"excerpt":{"rendered":"<p>GOOBIE &#8211; 23 Avenue LOUIS BREGUET\u00a0 &#8211; 78140 VELIZY-VILLACOUBLAY (t\u00e9l : +33 (0)1 30 67 74 13) SARL au capital de 99.990 EUR Immatricul\u00e9e au RCS de Versailles SIRET B 501 780 597 Code APE 7112B Code TVA intra-communautaire FR-064501780597 Charte du Site Informations Les informations qui vous concernent sont destin\u00e9es \u00e0 GOOBIE. Vous disposez &hellip; <a href=\"http:\/\/filiera.timbru.com\/?page_id=522\" class=\"more-link\">Continue reading <span class=\"screen-reader-text\">Informations L\u00e9gales<\/span> <span class=\"meta-nav\">&rarr;<\/span><\/a><\/p>\n","protected":false},"author":2,"featured_media":0,"parent":0,"menu_order":0,"comment_status":"closed","ping_status":"closed","template":"","meta":{"footnotes":""},"class_list":["post-522","page","type-page","status-publish","hentry"],"_links":{"self":[{"href":"http:\/\/filiera.timbru.com\/index.php?rest_route=\/wp\/v2\/pages\/522","targetHints":{"allow":["GET"]}}],"collection":[{"href":"http:\/\/filiera.timbru.com\/index.php?rest_route=\/wp\/v2\/pages"}],"about":[{"href":"http:\/\/filiera.timbru.com\/index.php?rest_route=\/wp\/v2\/types\/page"}],"author":[{"embeddable":true,"href":"http:\/\/filiera.timbru.com\/index.php?rest_route=\/wp\/v2\/users\/2"}],"replies":[{"embeddable":true,"href":"http:\/\/filiera.timbru.com\/index.php?rest_route=%2Fwp%2Fv2%2Fcomments&post=522"}],"version-history":[{"count":0,"href":"http:\/\/filiera.timbru.com\/index.php?rest_route=\/wp\/v2\/pages\/522\/revisions"}],"wp:attachment":[{"href":"http:\/\/filiera.timbru.com\/index.php?rest_route=%2Fwp%2Fv2%2Fmedia&parent=522"}],"curies":[{"name":"wp","href":"https:\/\/api.w.org\/{rel}","templated":true}]}}