{"id":49,"date":"2013-12-13T15:30:36","date_gmt":"2013-12-13T14:30:36","guid":{"rendered":"http:\/\/eiboog.wordpress.com\/?page_id=49"},"modified":"2013-12-13T15:30:36","modified_gmt":"2013-12-13T14:30:36","slug":"telecoms","status":"publish","type":"page","link":"http:\/\/filiera.timbru.com\/?page_id=49","title":{"rendered":"T\u00e9l\u00e9coms"},"content":{"rendered":"<p>Les T\u00e9l\u00e9communication pour nous c&#8217;est &#8230;<br \/>\n<a title=\"projet avec de la T\u00e9l\u00e9communication\" href=\"..\/..\/category\/secteur-dactivite\/telecoms\/\">Voici une liste de projet qui comporte une large partie de la T\u00e9l\u00e9communication<\/a><\/p>\n","protected":false},"excerpt":{"rendered":"<p>Les T\u00e9l\u00e9communication pour nous c&#8217;est &#8230; Voici une liste de projet qui comporte une large partie de la T\u00e9l\u00e9communication<\/p>\n","protected":false},"author":2,"featured_media":0,"parent":2018,"menu_order":1,"comment_status":"closed","ping_status":"closed","template":"","meta":{"footnotes":""},"class_list":["post-49","page","type-page","status-publish","hentry"],"_links":{"self":[{"href":"http:\/\/filiera.timbru.com\/index.php?rest_route=\/wp\/v2\/pages\/49","targetHints":{"allow":["GET"]}}],"collection":[{"href":"http:\/\/filiera.timbru.com\/index.php?rest_route=\/wp\/v2\/pages"}],"about":[{"href":"http:\/\/filiera.timbru.com\/index.php?rest_route=\/wp\/v2\/types\/page"}],"author":[{"embeddable":true,"href":"http:\/\/filiera.timbru.com\/index.php?rest_route=\/wp\/v2\/users\/2"}],"replies":[{"embeddable":true,"href":"http:\/\/filiera.timbru.com\/index.php?rest_route=%2Fwp%2Fv2%2Fcomments&post=49"}],"version-history":[{"count":0,"href":"http:\/\/filiera.timbru.com\/index.php?rest_route=\/wp\/v2\/pages\/49\/revisions"}],"up":[{"embeddable":true,"href":"http:\/\/filiera.timbru.com\/index.php?rest_route=\/wp\/v2\/pages\/2018"}],"wp:attachment":[{"href":"http:\/\/filiera.timbru.com\/index.php?rest_route=%2Fwp%2Fv2%2Fmedia&parent=49"}],"curies":[{"name":"wp","href":"https:\/\/api.w.org\/{rel}","templated":true}]}}