{"id":39,"date":"2013-12-13T15:26:17","date_gmt":"2013-12-13T14:26:17","guid":{"rendered":"http:\/\/eiboog.wordpress.com\/?page_id=39"},"modified":"2013-12-13T15:26:17","modified_gmt":"2013-12-13T14:26:17","slug":"partenaires","status":"publish","type":"page","link":"http:\/\/filiera.timbru.com\/?page_id=39","title":{"rendered":"Partenaires"},"content":{"rendered":"<table class=\"tablecustom\" border=\"0\">\n<tbody>\n<tr>\n<td><img loading=\"lazy\" decoding=\"async\" title=\"System@tic\" alt=\"\" src=\"\/wp-content\/uploads\/2014\/06\/logo_systematic.png\" width=\"157\" height=\"55\" border=\"0\" \/><\/td>\n<td><span style=\"color: #ff0000;\"><strong>\u00a0 GOOBIE<\/strong>\u00a0<\/span>est membre du p\u00f4le de comp\u00e9titivit\u00e9\u00a0<a title=\"Systematic\" href=\"http:\/\/www.systematic-paris-region.org\" target=\"_blank\">SYSTEM@TIC<\/a>\u00a0(groupe th\u00e9matique TELECOM)<\/td>\n<\/tr>\n<tr>\n<td><img loading=\"lazy\" decoding=\"async\" title=\"Captronic\" alt=\"Captronic\" src=\"\/wp-content\/uploads\/2013\/12\/index-300x158.jpg\" width=\"164\" height=\"86\" \/><\/td>\n<td><span style=\"color: #ff0000;\"><strong>\u00a0 GOOBIE<\/strong>\u00a0<\/span>participe au dispositif\u00a0<a title=\"Captronic\" href=\"http:\/\/www.captronic.fr\" target=\"_blank\">CAP&#8217;TRONIC\u00a0<\/a>d&#8217;aide \u00e0 l&#8217;innovation technologique<\/td>\n<\/tr>\n<tr>\n<td><img loading=\"lazy\" decoding=\"async\" title=\"Comit\u00e9 Richelieu\" alt=\"\" src=\"\/wp-content\/uploads\/2014\/06\/logo_richelieu.jpg\" width=\"156\" height=\"68\" border=\"0\" \/><\/td>\n<td><span style=\"color: #ff0000;\"><strong>\u00a0 GOOBIE<\/strong>\u00a0<\/span>est membre du\u00a0<a title=\"Comit\u00e9 Richelieu\" href=\"http:\/\/www.comite-richelieu.org\/\" target=\"_blank\">Comit\u00e9 Richelieu<\/a>\u00a0pour le d\u00e9veloppement des PME innovantes (PACTEPME)<\/td>\n<\/tr>\n<tr>\n<td><img loading=\"lazy\" decoding=\"async\" alt=\"\" src=\"\/wp-content\/uploads\/2014\/06\/logo_inovel_parc.png\" width=\"167\" height=\"59\" \/><\/td>\n<td><span style=\"color: #ff0000;\"><strong>\u00a0 GOOBIE<\/strong><\/span>,\u00a0partenaire d&#8217;<a title=\"Inovel Parc\" href=\"http:\/\/www.velizy-villacoublay.fr\/no_cache\/...\/inovel-parc-une-nouvell.html\u200e\" target=\"_blank\">Inovel Parc<\/a>, travaille en \u00e9troite collaboration avec le Service de D\u00e9veloppement Economique de V\u00e9lizy-Villacoublay, <br class=\"none\" \/>\u00a0 Grand Paris Seine Oust (GPSO) ainsi qu&#8217;avec les principaux acteurs\u00a0\u00e9conomiques de la r\u00e9gion.<\/td>\n<\/tr>\n<tr>\n<td><a title=\"VELEASY\" href=\"http:\/\/www.veleasy.fr\" target=\"_blank\"><img loading=\"lazy\" decoding=\"async\" title=\"VEL EASY\" alt=\"\" src=\"\/wp-content\/uploads\/2014\/06\/logo_vel_easy.png\" width=\"154\" height=\"47\" border=\"0\" \/><\/a><\/td>\n<td><span style=\"color: #ff0000;\"><strong>\u00a0 GOOBIE<\/strong>\u00a0<\/span>est partenaire du club PME\u00a0<a title=\"VELEASY\" href=\"http:\/\/www.veleasy.fr\" target=\"_blank\">Vel&#8217;EASY<\/a><\/td>\n<\/tr>\n<tr>\n<td><\/td>\n<td><\/td>\n<\/tr>\n<tr>\n<td><\/td>\n<td><\/td>\n<\/tr>\n<tr>\n<td><\/td>\n<td><\/td>\n<\/tr>\n<tr>\n<td><\/td>\n<td><\/td>\n<\/tr>\n<\/tbody>\n<\/table>\n<p>&nbsp;<\/p>\n<nav class=\"site-navigation post-navigation\" id=\"nav-below\" role=\"navigation\">\n<p style=\"border-bottom: 1px solid #EEEEEE;\">\n<div class=\"single-nav-wrapper\">\n<div class=\"nav-previous\"><a href=\"..\/presse\/\" rel=\"prev\"><span class=\"meta-nav\">\u2190<\/span> Presse<\/a><\/div>\n<div class=\"nav-next\"><a href=\"..\/nous-rejoindre\/\" rel=\"next\">Nous rejoindre <span class=\"meta-nav\">\u2192<\/span><\/a><\/div>\n<\/div>\n<\/nav>\n","protected":false},"excerpt":{"rendered":"<p>\u00a0 GOOBIE\u00a0est membre du p\u00f4le de comp\u00e9titivit\u00e9\u00a0SYSTEM@TIC\u00a0(groupe th\u00e9matique TELECOM) \u00a0 GOOBIE\u00a0participe au dispositif\u00a0CAP&#8217;TRONIC\u00a0d&#8217;aide \u00e0 l&#8217;innovation technologique \u00a0 GOOBIE\u00a0est membre du\u00a0Comit\u00e9 Richelieu\u00a0pour le d\u00e9veloppement des PME innovantes (PACTEPME) \u00a0 GOOBIE,\u00a0partenaire d&#8217;Inovel Parc, travaille en \u00e9troite collaboration avec le Service de D\u00e9veloppement Economique de V\u00e9lizy-Villacoublay, \u00a0 Grand Paris Seine Oust (GPSO) ainsi qu&#8217;avec les principaux acteurs\u00a0\u00e9conomiques de &hellip; <a href=\"http:\/\/filiera.timbru.com\/?page_id=39\" class=\"more-link\">Continue reading <span class=\"screen-reader-text\">Partenaires<\/span> <span class=\"meta-nav\">&rarr;<\/span><\/a><\/p>\n","protected":false},"author":2,"featured_media":0,"parent":30,"menu_order":5,"comment_status":"closed","ping_status":"closed","template":"","meta":{"footnotes":""},"class_list":["post-39","page","type-page","status-publish","hentry"],"_links":{"self":[{"href":"http:\/\/filiera.timbru.com\/index.php?rest_route=\/wp\/v2\/pages\/39","targetHints":{"allow":["GET"]}}],"collection":[{"href":"http:\/\/filiera.timbru.com\/index.php?rest_route=\/wp\/v2\/pages"}],"about":[{"href":"http:\/\/filiera.timbru.com\/index.php?rest_route=\/wp\/v2\/types\/page"}],"author":[{"embeddable":true,"href":"http:\/\/filiera.timbru.com\/index.php?rest_route=\/wp\/v2\/users\/2"}],"replies":[{"embeddable":true,"href":"http:\/\/filiera.timbru.com\/index.php?rest_route=%2Fwp%2Fv2%2Fcomments&post=39"}],"version-history":[{"count":0,"href":"http:\/\/filiera.timbru.com\/index.php?rest_route=\/wp\/v2\/pages\/39\/revisions"}],"up":[{"embeddable":true,"href":"http:\/\/filiera.timbru.com\/index.php?rest_route=\/wp\/v2\/pages\/30"}],"wp:attachment":[{"href":"http:\/\/filiera.timbru.com\/index.php?rest_route=%2Fwp%2Fv2%2Fmedia&parent=39"}],"curies":[{"name":"wp","href":"https:\/\/api.w.org\/{rel}","templated":true}]}}