{"id":37,"date":"2013-12-13T15:25:52","date_gmt":"2013-12-13T14:25:52","guid":{"rendered":"http:\/\/eiboog.wordpress.com\/?page_id=37"},"modified":"2013-12-13T15:25:52","modified_gmt":"2013-12-13T14:25:52","slug":"presse","status":"publish","type":"page","link":"http:\/\/filiera.timbru.com\/?page_id=37","title":{"rendered":"Presse"},"content":{"rendered":"<table class=\"tablecustom\" border=\"0\">\n<tbody>\n<tr>\n<td><img loading=\"lazy\" decoding=\"async\" class=\"alignnone\" alt=\"Revue ElectroniquesS\" src=\"\/wp-content\/uploads\/2013\/12\/electroniques_logo.png\" width=\"47\" height=\"46\" \/><\/td>\n<td>Revue ElectroniqueS D\u00e9cembre 2012 :\u00a0<a title=\"Oroduit de la conception jusqu'\u00e0 l'industrialisation\" href=\"\/wp-content\/uploads\/2014\/06\/Article_ELECTRONIQUES_Juillet_2011.pdf\" target=\"_blank\"><br \/>\n<\/a><a title=\"Produire en France\" href=\"\/wp-content\/uploads\/2014\/06\/ARTICLE-ELECTRONIQUES-DECEMBRE-2012.pdf\" target=\"_blank\">Produire en France c\u2019est possible<\/a><\/td>\n<\/tr>\n<tr>\n<td><a href=\"\/wp-content\/uploads\/2013\/12\/electroniques_logo.png\"><img loading=\"lazy\" decoding=\"async\" class=\"alignnone\" alt=\"Revue ElectroniquesS\" src=\"\/wp-content\/uploads\/2013\/12\/electroniques_logo.png\" width=\"47\" height=\"46\" \/><\/a><\/td>\n<td>Revue ElectroniqueS Ao\u00fbt 2011 :<br \/>\n<a title=\"Oroduit de la conception jusqu'\u00e0 l'industrialisation\" href=\"\/wp-content\/uploads\/2014\/06\/Article_ELECTRONIQUES_Juillet_2011.pdf\" target=\"_blank\">GOOBIE pense un produit de sa conception jusqu&#8217;\u00e0 son industrialisation<\/a><\/td>\n<\/tr>\n<tr>\n<td><a href=\"\/wp-content\/uploads\/2013\/12\/cien-mag.png\"><img loading=\"lazy\" decoding=\"async\" class=\"alignnone\" alt=\"CiEN Mag\" src=\"\/wp-content\/uploads\/2013\/12\/cien-mag.png\" width=\"47\" height=\"46\" \/><\/a><\/td>\n<td><span style=\"line-height: 1.5em;\">CIEN Mag Avril 2011 (Carrefour de l&#8217;Industrie \u00c9lectronique et Num\u00e9rique ) :<br class=\"none\" \/><\/span><a title=\"Bureau d'\u00e9tudes industriel\" href=\"\/wp-content\/uploads\/2014\/06\/CiEN_Mag_numero_2.pdf\" target=\"_blank\">GOOBIE d\u00e9cline son concept d\u2019Offre Globale : de l\u2019\u00e9tude \u00e0 la production en s\u00e9rie<\/a><\/td>\n<\/tr>\n<tr>\n<td><a href=\"\/wp-content\/uploads\/2013\/12\/VIPress2.png\"><img loading=\"lazy\" decoding=\"async\" class=\" wp-image-821 alignnone\" alt=\"VIPress\" src=\"\/wp-content\/uploads\/2013\/12\/VIPress2.png\" width=\"47\" height=\"46\" \/><\/a><\/td>\n<td>Revue VIPress Septembre 2011 : <br class=\"none\" \/> <a style=\"line-height: 1.5em;\" title=\"Accompagnement en production\" href=\"\/wp-content\/uploads\/2014\/06\/VIPress_GOOBIE.pdf\" target=\"_blank\">L&#8217;accompagnement en production, atout-ma\u00eetre du bureau d&#8217;\u00e9tudes GOOBIE<\/a><\/td>\n<\/tr>\n<tr>\n<td><a href=\"\/wp-content\/uploads\/2013\/12\/industrie-technologies.png\"><img loading=\"lazy\" decoding=\"async\" class=\"alignnone\" alt=\"Industrie et Technologies\" src=\"\/wp-content\/uploads\/2013\/12\/industrie-technologies.png\" width=\"47\" height=\"46\" \/><\/a><\/td>\n<td>Revue Industrie et Technologies Juillet 2010 : <br class=\"none\" \/> <a style=\"line-height: 1.5em;\" title=\"Bureau d'\u00e9tudes, donnez la parole \u00e0 vos produits\" href=\"\/wp-content\/uploads\/2014\/06\/IT_experiences.pdf\" target=\"_blank\">Bureau d&#8217;\u00e9tudes, donnez la parole \u00e0 vos produits<\/a><\/td>\n<\/tr>\n<tr>\n<td><a href=\"\/wp-content\/uploads\/2013\/12\/electroniques_logo.png\"><img loading=\"lazy\" decoding=\"async\" class=\"alignnone\" alt=\"Revue ElectroniquesS\" src=\"\/wp-content\/uploads\/2013\/12\/electroniques_logo.png\" width=\"47\" height=\"46\" \/><\/a><\/td>\n<td>Revue Electronique International Novembre 2009 : <br class=\"none\" \/> <a title=\"Sextuple play grand public\" href=\"\/wp-content\/uploads\/2014\/06\/article_zodianet_29-10-09.pdf\" target=\"_blank\">Le sextuple-play est maintenant \u00e0 la port\u00e9e du grand public<\/a><\/td>\n<\/tr>\n<tr>\n<td><a href=\"\/wp-content\/uploads\/2013\/12\/electroniques_logo.png\"><img loading=\"lazy\" decoding=\"async\" class=\"alignnone\" alt=\"Revue ElectroniquesS\" src=\"\/wp-content\/uploads\/2013\/12\/electroniques_logo.png\" width=\"47\" height=\"46\" \/><\/a><\/td>\n<td>Revue Electronique International Juin 2009 : <br class=\"none\" \/> <a title=\"Wimax grand public\" href=\"\/wp-content\/uploads\/2014\/06\/presse_cpe_wimax.pdf\" target=\"_blank\">En France, le Wimax vise aussi le tr\u00e8s grand public<\/a><\/td>\n<\/tr>\n<tr>\n<td><a href=\"\/wp-content\/uploads\/2013\/12\/le-photographe.png\"><img loading=\"lazy\" decoding=\"async\" class=\"alignnone\" alt=\"Revue &quot;Le  Photographe&quot;\" src=\"\/wp-content\/uploads\/2013\/12\/le-photographe.png\" width=\"47\" height=\"46\" \/><\/a><\/td>\n<td>Revue Le Photographe Mars 2009 : <br class=\"none\" \/> <a title=\"G\u00e9olocalisation instantan\u00e9e\" href=\"\/wp-content\/uploads\/2014\/06\/photogps_article_le_photographe.pdf\" target=\"_blank\">La g\u00e9olocalisation instantan\u00e9e<\/a><\/td>\n<\/tr>\n<tr>\n<td><a href=\"\/wp-content\/uploads\/2013\/12\/electroniques_logo.png\"><img loading=\"lazy\" decoding=\"async\" class=\"alignnone\" alt=\"Revue ElectroniquesS\" src=\"\/wp-content\/uploads\/2013\/12\/electroniques_logo.png\" width=\"47\" height=\"46\" \/><\/a><\/td>\n<td>Revue Electronique International Octobre 2008 : <br class=\"none\" \/> <a title=\"G\u00e9otaguer une photo\" href=\"\/wp-content\/uploads\/2014\/06\/presse_photogps.pdf\" target=\"_blank\">&#8220;G\u00e9otaguer&#8221; une photo, l&#8217;affaire d&#8217;un simple clic<\/a><\/td>\n<\/tr>\n<\/tbody>\n<\/table>\n<p>&nbsp;<\/p>\n<nav class=\"site-navigation post-navigation\" id=\"nav-below\" role=\"navigation\">\n<p style=\"border-bottom: 1px solid #EEEEEE;\">\n<h1 class=\"assistive-text\">Post navigation<\/h1>\n<div class=\"single-nav-wrapper\">\n<div class=\"nav-previous\"><a href=\"..\/valeurs\/\" rel=\"prev\"><span class=\"meta-nav\">\u2190<\/span> Valeurs<\/a><\/div>\n<div class=\"nav-next\"><a href=\"..\/partenaires\/\" rel=\"next\">Partenaires <span class=\"meta-nav\">\u2192<\/span><\/a><\/div>\n<\/div>\n<\/nav>\n","protected":false},"excerpt":{"rendered":"<p>Revue ElectroniqueS D\u00e9cembre 2012 :\u00a0 Produire en France c\u2019est possible Revue ElectroniqueS Ao\u00fbt 2011 : GOOBIE pense un produit de sa conception jusqu&#8217;\u00e0 son industrialisation CIEN Mag Avril 2011 (Carrefour de l&#8217;Industrie \u00c9lectronique et Num\u00e9rique ) :GOOBIE d\u00e9cline son concept d\u2019Offre Globale : de l\u2019\u00e9tude \u00e0 la production en s\u00e9rie Revue VIPress Septembre 2011 : &hellip; <a href=\"http:\/\/filiera.timbru.com\/?page_id=37\" class=\"more-link\">Continue reading <span class=\"screen-reader-text\">Presse<\/span> <span class=\"meta-nav\">&rarr;<\/span><\/a><\/p>\n","protected":false},"author":2,"featured_media":0,"parent":30,"menu_order":4,"comment_status":"closed","ping_status":"closed","template":"","meta":{"footnotes":""},"class_list":["post-37","page","type-page","status-publish","hentry"],"_links":{"self":[{"href":"http:\/\/filiera.timbru.com\/index.php?rest_route=\/wp\/v2\/pages\/37","targetHints":{"allow":["GET"]}}],"collection":[{"href":"http:\/\/filiera.timbru.com\/index.php?rest_route=\/wp\/v2\/pages"}],"about":[{"href":"http:\/\/filiera.timbru.com\/index.php?rest_route=\/wp\/v2\/types\/page"}],"author":[{"embeddable":true,"href":"http:\/\/filiera.timbru.com\/index.php?rest_route=\/wp\/v2\/users\/2"}],"replies":[{"embeddable":true,"href":"http:\/\/filiera.timbru.com\/index.php?rest_route=%2Fwp%2Fv2%2Fcomments&post=37"}],"version-history":[{"count":0,"href":"http:\/\/filiera.timbru.com\/index.php?rest_route=\/wp\/v2\/pages\/37\/revisions"}],"up":[{"embeddable":true,"href":"http:\/\/filiera.timbru.com\/index.php?rest_route=\/wp\/v2\/pages\/30"}],"wp:attachment":[{"href":"http:\/\/filiera.timbru.com\/index.php?rest_route=%2Fwp%2Fv2%2Fmedia&parent=37"}],"curies":[{"name":"wp","href":"https:\/\/api.w.org\/{rel}","templated":true}]}}