{"id":35,"date":"2013-12-13T15:25:21","date_gmt":"2013-12-13T14:25:21","guid":{"rendered":"http:\/\/eiboog.wordpress.com\/?page_id=35"},"modified":"2013-12-13T15:25:21","modified_gmt":"2013-12-13T14:25:21","slug":"valeurs","status":"publish","type":"page","link":"http:\/\/filiera.timbru.com\/?page_id=35","title":{"rendered":"Valeurs"},"content":{"rendered":"<p>Nos valeurs sont inscrites dans l&#8217;ADN de <span style=\"color: #ff0000;\"><strong>GOOBIE<\/strong><\/span>. Elles sont port\u00e9es par l&#8217;ensemble de l&#8217;\u00e9quipe car c&#8217;est avant tout une aventure humaine extraordinaire :<\/p>\n<ul>\n<li>L&#8217;Excellence avant toute chose qui repose sur la forte comp\u00e9tence de nos \u00e9quipes<\/li>\n<li>La Passion de nos m\u00e9tiers qui nous conduit \u00e0 r\u00e9aliser des produits technologiques dont nous sommes fiers &#8230; et qui se fabriquent en s\u00e9rie<\/li>\n<li>La Satisfaction de nos Clients comme moteur<\/li>\n<li>La Volont\u00e9 d&#8217;Innover et d&#8217;Entreprendre, seuls ou gr\u00e2ce \u00e0 notre r\u00e9seau de partenaires technologiques, industriels et universitaires<\/li>\n<li>L&#8217;Ouverture d&#8217;Esprit, l\u2019\u00c9coute, la R\u00e9activit\u00e9 qui nous permet de r\u00e9pondre au mieux \u00e0 nos clients<\/li>\n<li>La Responsabilit\u00e9 qui nous conduit \u00e0 proposer \u00e0 nos clients une Offre Globale et une Interface Unique de l&#8217;\u00e9tude \u00e0 la production en s\u00e9rie<\/li>\n<li>Le Respect : r\u00e8gles de l&#8217;art, environnement, \u00e9thique, &#8230;<\/li>\n<\/ul>\n<h2>Dream-Team<\/h2>\n<p style=\"text-align: center;\">\u00a0<a href=\"\/wp-content\/uploads\/2013\/12\/dream-team-lite1.jpg\"><img loading=\"lazy\" decoding=\"async\" class=\"size-full wp-image-583 aligncenter\" alt=\"dream-team-lite\" src=\"\/wp-content\/uploads\/2013\/12\/dream-team-lite1.jpg\" width=\"1000\" height=\"220\" \/><\/a><\/p>\n<h2 style=\"text-align: left;\"><\/h2>\n<h2 style=\"text-align: left;\">Nous sommes \u00e0 vos cot\u00e9s, <span style=\"color: #ff0000;\">pour des id\u00e9es qui se produisent<\/span> &#8230;<\/h2>\n<p>&nbsp;<\/p>\n<p style=\"text-align: center;\"><a href=\"\/wp-content\/uploads\/2013\/12\/IMG_0469.jpg\"><img loading=\"lazy\" decoding=\"async\" class=\" wp-image-562 aligncenter\" alt=\"IMG_0469\" src=\"\/wp-content\/uploads\/2013\/12\/IMG_0469-300x225.jpg\" width=\"240\" height=\"180\" \/><\/a><\/p>\n<p>&nbsp;<\/p>\n<nav class=\"site-navigation post-navigation\" id=\"nav-below\" role=\"navigation\">\n<p style=\"border-bottom: 1px solid #EEEEEE;\">\n<h1 class=\"assistive-text\">Post navigation<\/h1>\n<div class=\"single-nav-wrapper\">\n<div class=\"nav-previous\"><a href=\"..\/offre\/\" rel=\"prev\"><span class=\"meta-nav\">\u2190<\/span> Offre<\/a><\/div>\n<div class=\"nav-next\"><a href=\"..\/presse\/\" rel=\"next\">Presse <span class=\"meta-nav\">\u2192<\/span><\/a><\/div>\n<\/div>\n<\/nav>\n","protected":false},"excerpt":{"rendered":"<p>Nos valeurs sont inscrites dans l&#8217;ADN de GOOBIE. Elles sont port\u00e9es par l&#8217;ensemble de l&#8217;\u00e9quipe car c&#8217;est avant tout une aventure humaine extraordinaire : L&#8217;Excellence avant toute chose qui repose sur la forte comp\u00e9tence de nos \u00e9quipes La Passion de nos m\u00e9tiers qui nous conduit \u00e0 r\u00e9aliser des produits technologiques dont nous sommes fiers &#8230; &hellip; <a href=\"http:\/\/filiera.timbru.com\/?page_id=35\" class=\"more-link\">Continue reading <span class=\"screen-reader-text\">Valeurs<\/span> <span class=\"meta-nav\">&rarr;<\/span><\/a><\/p>\n","protected":false},"author":2,"featured_media":0,"parent":30,"menu_order":3,"comment_status":"closed","ping_status":"closed","template":"","meta":{"footnotes":""},"class_list":["post-35","page","type-page","status-publish","hentry"],"_links":{"self":[{"href":"http:\/\/filiera.timbru.com\/index.php?rest_route=\/wp\/v2\/pages\/35","targetHints":{"allow":["GET"]}}],"collection":[{"href":"http:\/\/filiera.timbru.com\/index.php?rest_route=\/wp\/v2\/pages"}],"about":[{"href":"http:\/\/filiera.timbru.com\/index.php?rest_route=\/wp\/v2\/types\/page"}],"author":[{"embeddable":true,"href":"http:\/\/filiera.timbru.com\/index.php?rest_route=\/wp\/v2\/users\/2"}],"replies":[{"embeddable":true,"href":"http:\/\/filiera.timbru.com\/index.php?rest_route=%2Fwp%2Fv2%2Fcomments&post=35"}],"version-history":[{"count":0,"href":"http:\/\/filiera.timbru.com\/index.php?rest_route=\/wp\/v2\/pages\/35\/revisions"}],"up":[{"embeddable":true,"href":"http:\/\/filiera.timbru.com\/index.php?rest_route=\/wp\/v2\/pages\/30"}],"wp:attachment":[{"href":"http:\/\/filiera.timbru.com\/index.php?rest_route=%2Fwp%2Fv2%2Fmedia&parent=35"}],"curies":[{"name":"wp","href":"https:\/\/api.w.org\/{rel}","templated":true}]}}