{"id":32,"date":"2013-12-13T15:24:23","date_gmt":"2013-12-13T14:24:23","guid":{"rendered":"http:\/\/eiboog.wordpress.com\/?page_id=31"},"modified":"2013-12-13T15:24:23","modified_gmt":"2013-12-13T14:24:23","slug":"savoir-faire","status":"publish","type":"page","link":"http:\/\/filiera.timbru.com\/?page_id=32","title":{"rendered":"Savoir Faire"},"content":{"rendered":"<p><span style=\"background-color: #ffffff; color: #ff0000;\"><strong>GOOBIE<\/strong> <\/span>est un bureau d&#8217;\u00e9tudes industriel sp\u00e9cialis\u00e9 dans le d\u00e9veloppement de solutions et produits \u00e9lectroniques innovants pour le march\u00e9 professionnel et grand public.<\/p>\n<p>L&#8217;offre de <span style=\"color: #ff0000;\"><strong>GOOBIE<\/strong> <span style=\"color: #000000;\">est une <\/span><\/span><strong>Offre Globale<\/strong> &#8211; de l&#8217;\u00e9tude \u00e0 la production en s\u00e9rie &#8211; qui repose sur le savoir-faire suivant :<\/p>\n<table class=\"tableSavoirFaire\">\n<tbody>\n<tr>\n<td colspan=\"3\">\n<h2>Conduite de projets<\/h2>\n<ul>\n<li>De l&#8217;\u00e9tude \u00e0 la production en s\u00e9rie<\/li>\n<\/ul>\n<\/td>\n<\/tr>\n<tr>\n<td colspan=\"3\">\n<h2>Etudes de syst\u00e8mes et produits complets<\/h2>\n<ul>\n<li>Dimensionnement, d\u00e9finition d&#8217;architecture, choix des technologies, prise en compte des contraintes industrielles : tests, production, certification, p\u00e9rennit\u00e9, SAV&#8230;<\/li>\n<li>D\u00e9veloppement Hardware<\/li>\n<li>D\u00e9veloppement Firmware et Logiciel embarqu\u00e9<\/li>\n<li>D\u00e9veloppement Logiciel applicatif<\/li>\n<li>M\u00e9canique (plasturgie, t\u00f4lerie, fonderie, \u2026)<\/li>\n<li>Prototypage, essais et mise au point<\/li>\n<\/ul>\n<\/td>\n<\/tr>\n<tr>\n<td>\n<h2>Ing\u00e9nierie \u00e9lectronique<\/h2>\n<ul>\n<li>Conception de cartes num\u00e9riques et analogiques<\/li>\n<li>Processeurs 8, 16 et 32 bits, DSP<\/li>\n<li>Expertise dans les technologies 32 bits avanc\u00e9es : ARM, PowerPC, x86, &#8230;<\/li>\n<li>Implantation\/routage des cartes \u00e0 haute densit\u00e9 et contraintes de fabrication<\/li>\n<li>Contraintes CEM, IP, &#8230;<\/li>\n<\/ul>\n<\/td>\n<td>\n<h2>CAO \u00e9lectronique<\/h2>\n<ul>\n<li>Outils ma\u00eetris\u00e9s : Cadence\/ConceptHDL\/Capture\/Allegro, Altium Designer<\/li>\n<li>Expertise : Circuits imprim\u00e9s, Adaptations d&#8217;imp\u00e9dance, Process industriel<\/li>\n<li>Contraintes &#8220;low-cost&#8221;<\/li>\n<li>Veille technologique<\/li>\n<\/ul>\n<\/td>\n<td>\n<h2>Composants programmables\/FPGA<\/h2>\n<ul>\n<li>CPLDS, FPGAs<\/li>\n<li>Prototypage d&#8217;ASIC et accompagnement en transfert vers ASIC au travers de partenaires<\/li>\n<li>Exp\u00e9riences en technologies XILINX, ALTERA, LATTICE, \u2026<\/li>\n<\/ul>\n<\/td>\n<\/tr>\n<tr>\n<td>\n<h2>Logiciel embarqu\u00e9<\/h2>\n<ul>\n<li>Assembleur, C \/ C++, JAVA, \u2026<\/li>\n<li>Portage de syst\u00e8mes d&#8217;exploitation : LINUX, ANDROID, WINDOWS CE, RTOS, &#8230;<\/li>\n<li>Built-in tests<\/li>\n<\/ul>\n<\/td>\n<td>\n<h2>Logiciel applicatif<\/h2>\n<ul>\n<li>Windows, Linux, Mac OS<\/li>\n<li>C \/ C++, JAVA, PYTHON, PERL, PHP, SQL, &#8230;<\/li>\n<li>Applicatif r\u00e9seau, web, streaming vid\u00e9o, bases de donn\u00e9es, &#8230;<\/li>\n<li>Interface utilisateur (Windows, X11)<\/li>\n<\/ul>\n<\/td>\n<td>\n<h2>Packaging m\u00e9canique<\/h2>\n<ul>\n<li>Etudes de design<\/li>\n<li>Conception et r\u00e9alisation de bo\u00eetiers \u00e9lectroniques<\/li>\n<li>Prototypages rapides<\/li>\n<li>Toutes technologies : plasturgie, t\u00f4lerie, fonderie<\/li>\n<\/ul>\n<\/td>\n<\/tr>\n<tr>\n<td colspan=\"2\">\n<h2>Industrialisation et certification<\/h2>\n<ul>\n<li>R\u00e9alisation des prototypes, pilotes<\/li>\n<li>Outillages, bancs de tests, dossiers, m\u00e9thodes<\/li>\n<li>Optimisation de nomenclatures, re-ing\u00e9nierie pour r\u00e9duction de co\u00fbt, traitement d&#8217;obsolescence<\/li>\n<li>Investigation, essais sp\u00e9ciaux, Certification<\/li>\n<\/ul>\n<h2><\/h2>\n<\/td>\n<td>\n<h2>Production en s\u00e9rie<\/h2>\n<ul>\n<li>Production de petites, moyennes et grandes s\u00e9ries, au travers d&#8217;un r\u00e9seau de partenaires industriels<\/li>\n<li>France, Europe de l&#8217;est, Asie<\/li>\n<\/ul>\n<\/td>\n<\/tr>\n<\/tbody>\n<\/table>\n<p>&nbsp;<\/p>\n<nav class=\"site-navigation post-navigation\" id=\"nav-below\" role=\"navigation\">\n<p style=\"border-bottom: 1px solid #EEEEEE;\">\n<h1 class=\"assistive-text\">Post navigation<\/h1>\n<div class=\"single-nav-wrapper\">\n<div class=\"nav-previous\"><a href=\"\/societe\/\" rel=\"prev\"><span class=\"meta-nav\">\u2190<\/span> Soci\u00e9t\u00e9<\/a><\/div>\n<div class=\"nav-next\"><a href=\"\/societe\/offre\/\" rel=\"next\">Offre <span class=\"meta-nav\">\u2192<\/span><\/a><\/div>\n<\/div>\n<\/nav>\n","protected":false},"excerpt":{"rendered":"<p>GOOBIE est un bureau d&#8217;\u00e9tudes industriel sp\u00e9cialis\u00e9 dans le d\u00e9veloppement de solutions et produits \u00e9lectroniques innovants pour le march\u00e9 professionnel et grand public. L&#8217;offre de GOOBIE est une Offre Globale &#8211; de l&#8217;\u00e9tude \u00e0 la production en s\u00e9rie &#8211; qui repose sur le savoir-faire suivant : Conduite de projets De l&#8217;\u00e9tude \u00e0 la production en &hellip; <a href=\"http:\/\/filiera.timbru.com\/?page_id=32\" class=\"more-link\">Continue reading <span class=\"screen-reader-text\">Savoir Faire<\/span> <span class=\"meta-nav\">&rarr;<\/span><\/a><\/p>\n","protected":false},"author":2,"featured_media":0,"parent":30,"menu_order":1,"comment_status":"closed","ping_status":"closed","template":"","meta":{"footnotes":""},"class_list":["post-32","page","type-page","status-publish","hentry"],"_links":{"self":[{"href":"http:\/\/filiera.timbru.com\/index.php?rest_route=\/wp\/v2\/pages\/32","targetHints":{"allow":["GET"]}}],"collection":[{"href":"http:\/\/filiera.timbru.com\/index.php?rest_route=\/wp\/v2\/pages"}],"about":[{"href":"http:\/\/filiera.timbru.com\/index.php?rest_route=\/wp\/v2\/types\/page"}],"author":[{"embeddable":true,"href":"http:\/\/filiera.timbru.com\/index.php?rest_route=\/wp\/v2\/users\/2"}],"replies":[{"embeddable":true,"href":"http:\/\/filiera.timbru.com\/index.php?rest_route=%2Fwp%2Fv2%2Fcomments&post=32"}],"version-history":[{"count":0,"href":"http:\/\/filiera.timbru.com\/index.php?rest_route=\/wp\/v2\/pages\/32\/revisions"}],"up":[{"embeddable":true,"href":"http:\/\/filiera.timbru.com\/index.php?rest_route=\/wp\/v2\/pages\/30"}],"wp:attachment":[{"href":"http:\/\/filiera.timbru.com\/index.php?rest_route=%2Fwp%2Fv2%2Fmedia&parent=32"}],"curies":[{"name":"wp","href":"https:\/\/api.w.org\/{rel}","templated":true}]}}