{"id":28,"date":"2013-12-13T14:38:52","date_gmt":"2013-12-13T13:38:52","guid":{"rendered":"http:\/\/eiboog.wordpress.com\/?page_id=1"},"modified":"2013-12-13T14:38:52","modified_gmt":"2013-12-13T13:38:52","slug":"home","status":"publish","type":"page","link":"http:\/\/filiera.timbru.com\/?page_id=28","title":{"rendered":"Accueil"},"content":{"rendered":"<p style=\"text-align: center;\"><span style=\"font-size: 18px;\"><span style=\"line-height: 1.5em;\">Bureau d\u2019\u00e9tudes industriel, nous proposons une<\/span><strong style=\"line-height: 1.5em;\">\u00a0Approche Globale<\/strong><span style=\"line-height: 1.5em;\">\u00a0de l\u2019\u00e9tude \u00e0 la production en s\u00e9rie<br \/>\nde solutions \u00e9lectroniques,\u00a0<\/span><\/span><span style=\"font-size: 18px;\"><span style=\"line-height: 1.5em;\">pour le march\u00e9 professionnel et grand public.<\/span><\/span><\/p>\n<div class=\"containerShortcut\">\n<div class=\"span12\">\n<div class=\"row-fluid\">\n<div class=\"entry-content\">\n<div class=\"span4\" style=\"cursor: pointer;\" onclick=\"window.location='\/category\/technologies\/hardware\/';\">\n<div class=\"teaser_box\">\n<div class=\"aligncenter\">\n\t\t\t\t\t\t\t\t\t<a><br \/>\n\t\t\t\t\t\t\t\t\t\t<img decoding=\"async\" class=\"imgborder\" src=\"\/wp-content\/uploads\/2014\/06\/hardware.png\"><br \/>\n\t\t\t\t\t\t\t\t\t<\/a>\n\t\t\t\t\t\t\t\t<\/div>\n<h3 class=\"teaser_title\" ><a>Hardware<\/a><\/h3>\n<\/p><\/div>\n<\/p><\/div>\n<div class=\"span4\" style=\"cursor: pointer;\" onclick=\"window.location='\/software\/';\">\n<div class=\"teaser_box\">\n<div class=\"aligncenter\">\n\t\t\t\t\t\t\t\t\t<a><br \/>\n\t\t\t\t\t\t\t\t\t\t<img decoding=\"async\" class=\"imgborder\" src=\"\/wp-content\/uploads\/2014\/06\/software.png\"><br \/>\n\t\t\t\t\t\t\t\t\t<\/a>\n\t\t\t\t\t\t\t\t<\/div>\n<h3 class=\"teaser_title\" ><a>Software<\/a><\/h3>\n<\/p><\/div>\n<\/p><\/div>\n<div class=\"span4 last\" style=\"cursor: pointer;\" onclick=\"window.location='\/category\/technologies\/mecanique\/';\">\n<div class=\"teaser_box\">\n<div class=\"aligncenter\">\n\t\t\t\t\t\t\t\t\t<a><br \/>\n\t\t\t\t\t\t\t\t\t\t<img decoding=\"async\" class=\"imgborder\" src=\"\/wp-content\/uploads\/2014\/06\/meca.png\"><br \/>\n\t\t\t\t\t\t\t\t\t<\/a>\n\t\t\t\t\t\t\t\t<\/div>\n<h3 class=\"teaser_title\" ><a>M\u00e9canique<\/a><\/h3>\n<\/p><\/div>\n<\/p><\/div>\n<\/p><\/div>\n<\/p><\/div>\n<\/p><\/div>\n<\/p><\/div>\n<p><!--\n\n\n<nav class=\"site-navigation post-navigation\" id=\"nav-below\" role=\"navigation\">\n\n\n<div class=\"single-nav-wrapper\">\n\n\n<div class=\"nav-next\"><a href=\"\/societe\" rel=\"next\">Soci\u00e9t\u00e9 <span class=\"meta-nav\">\u2192<\/span><\/a><\/div>\n\n\n<\/div>\n\n\n<\/nav>\n\n\n--><\/p>\n","protected":false},"excerpt":{"rendered":"<p>Bureau d\u2019\u00e9tudes industriel, nous proposons une\u00a0Approche Globale\u00a0de l\u2019\u00e9tude \u00e0 la production en s\u00e9rie de solutions \u00e9lectroniques,\u00a0pour le march\u00e9 professionnel et grand public. Hardware Software M\u00e9canique<\/p>\n","protected":false},"author":2,"featured_media":0,"parent":0,"menu_order":0,"comment_status":"closed","ping_status":"closed","template":"","meta":{"footnotes":""},"class_list":["post-28","page","type-page","status-publish","hentry"],"_links":{"self":[{"href":"http:\/\/filiera.timbru.com\/index.php?rest_route=\/wp\/v2\/pages\/28","targetHints":{"allow":["GET"]}}],"collection":[{"href":"http:\/\/filiera.timbru.com\/index.php?rest_route=\/wp\/v2\/pages"}],"about":[{"href":"http:\/\/filiera.timbru.com\/index.php?rest_route=\/wp\/v2\/types\/page"}],"author":[{"embeddable":true,"href":"http:\/\/filiera.timbru.com\/index.php?rest_route=\/wp\/v2\/users\/2"}],"replies":[{"embeddable":true,"href":"http:\/\/filiera.timbru.com\/index.php?rest_route=%2Fwp%2Fv2%2Fcomments&post=28"}],"version-history":[{"count":0,"href":"http:\/\/filiera.timbru.com\/index.php?rest_route=\/wp\/v2\/pages\/28\/revisions"}],"wp:attachment":[{"href":"http:\/\/filiera.timbru.com\/index.php?rest_route=%2Fwp%2Fv2%2Fmedia&parent=28"}],"curies":[{"name":"wp","href":"https:\/\/api.w.org\/{rel}","templated":true}]}}