{"id":2718,"date":"2014-07-21T13:04:16","date_gmt":"2014-07-21T12:04:16","guid":{"rendered":"http:\/\/www.goobie.fr\/?page_id=2718"},"modified":"2014-07-21T13:04:16","modified_gmt":"2014-07-21T12:04:16","slug":"research-and-development","status":"publish","type":"page","link":"http:\/\/filiera.timbru.com\/?page_id=2718","title":{"rendered":"Research and Development"},"content":{"rendered":"<p>La R&amp;D, au m\u00eame titre que la mise en \u0153uvre d\u2019un r\u00e9seau de partenaires technologiques, est un facteur cl\u00e9 de l\u2019offre de <span style=\"color: #ff0000;\"><strong>GOOBIE<\/strong><\/span> centr\u00e9e sur l\u2019innovation.<\/p>\n<p>Notre participation aux projets collaboratifs et nos \u00e9changes au sein de la communaut\u00e9 scientifique nous permet d&#8217;acc\u00e9der aux technologies innovantes le plus en amont possible.<\/p>\n<p>Le choix de la technologie la plus prometteuse, son accessibilit\u00e9 et son ad\u00e9quation \u00e0 un march\u00e9 donn\u00e9 dans un laps de temps donn\u00e9 est une donn\u00e9e strat\u00e9gique que nous prenons en compte au quotidien et qui nous permet d\u2019\u00eatre le plus pertinent possible le moment venu. Ainsi, nous sommes d\u2019autant plus pertinents que nous pouvons d\u00e9montrer un savoir-faire issu de notre R&amp;D d\u2019o\u00f9 la n\u00e9cessit\u00e9 vitale de d\u00e9velopper en amont.<\/p>\n<h2>Les \u00e9tapes de la R&amp;D<\/h2>\n<table class=\"tableSavoirFaire\">\n<tbody>\n<tr>\n<td colspan=\"3\">\n<\/p>\n<ul>\n<li>Collaboration avec les fournisseurs de technologie et laboratoires universitaires<\/li>\n<li>Etudes Amont, \u00ab\u00a0Proof of concept\u00a0\u00bb<\/li>\n<li>D\u00e9veloppement de Briques Technologiques Hi-Tech<\/li>\n<li>Plateformes et \u00ab\u00a0Reference Design\u00a0\u00bb, d\u00e9monstrateurs, prototypes<\/li>\n<li>Projets collaboratifs<\/li>\n<\/ul>\n<\/td>\n<\/tr>\n<\/tbody>\n<\/table>\n<h2>Les projets<\/h2>\n<p><span style=\"line-height: 1.5em;\">Les exemples ci-apr\u00e8s donnent un aper\u00e7u des r\u00e9cents projets collaboratifs auxquels <\/span><span style=\"color: #ff0000;\"><strong>GOOBIE<\/strong> <\/span><span style=\"line-height: 1.5em;\">a particip\u00e9 :<\/span><\/p>\n<p>[catlist name=r-et-d]<\/p>\n<p>&nbsp;<\/p>\n<nav class=\"site-navigation post-navigation\" id=\"nav-below\" role=\"navigation\">\n<p style=\"border-bottom: 1px solid #EEEEEE;\">\n<h1 class=\"assistive-text\">Post navigation<\/h1>\n<div class=\"single-nav-wrapper\">\n<div class=\"nav-previous\"><a href=\"..\/secteurs-d-activite\/\" rel=\"prev\"><span class=\"meta-nav\">\u2190<\/span> Secteurs d&#8217;activit\u00e9<\/a><\/div>\n<div class=\"nav-next\"><a href=\"..\/news\/\" rel=\"next\">News <span class=\"meta-nav\">\u2192<\/span><\/a><\/div>\n<\/div>\n<\/nav>\n","protected":false},"excerpt":{"rendered":"<p>La R&amp;D, au m\u00eame titre que la mise en \u0153uvre d\u2019un r\u00e9seau de partenaires technologiques, est un facteur cl\u00e9 de l\u2019offre de GOOBIE centr\u00e9e sur l\u2019innovation. Notre participation aux projets collaboratifs et nos \u00e9changes au sein de la communaut\u00e9 scientifique nous permet d&#8217;acc\u00e9der aux technologies innovantes le plus en amont possible. Le choix de la &hellip; <a href=\"http:\/\/filiera.timbru.com\/?page_id=2718\" class=\"more-link\">Continue reading <span class=\"screen-reader-text\">Research and Development<\/span> <span class=\"meta-nav\">&rarr;<\/span><\/a><\/p>\n","protected":false},"author":2,"featured_media":0,"parent":0,"menu_order":0,"comment_status":"closed","ping_status":"closed","template":"","meta":{"footnotes":""},"class_list":["post-2718","page","type-page","status-publish","hentry"],"_links":{"self":[{"href":"http:\/\/filiera.timbru.com\/index.php?rest_route=\/wp\/v2\/pages\/2718","targetHints":{"allow":["GET"]}}],"collection":[{"href":"http:\/\/filiera.timbru.com\/index.php?rest_route=\/wp\/v2\/pages"}],"about":[{"href":"http:\/\/filiera.timbru.com\/index.php?rest_route=\/wp\/v2\/types\/page"}],"author":[{"embeddable":true,"href":"http:\/\/filiera.timbru.com\/index.php?rest_route=\/wp\/v2\/users\/2"}],"replies":[{"embeddable":true,"href":"http:\/\/filiera.timbru.com\/index.php?rest_route=%2Fwp%2Fv2%2Fcomments&post=2718"}],"version-history":[{"count":0,"href":"http:\/\/filiera.timbru.com\/index.php?rest_route=\/wp\/v2\/pages\/2718\/revisions"}],"wp:attachment":[{"href":"http:\/\/filiera.timbru.com\/index.php?rest_route=%2Fwp%2Fv2%2Fmedia&parent=2718"}],"curies":[{"name":"wp","href":"https:\/\/api.w.org\/{rel}","templated":true}]}}