{"id":2716,"date":"2014-07-21T13:03:27","date_gmt":"2014-07-21T12:03:27","guid":{"rendered":"http:\/\/www.goobie.fr\/?page_id=2716"},"modified":"2014-07-21T13:03:27","modified_gmt":"2014-07-21T12:03:27","slug":"android-developpement","status":"publish","type":"page","link":"http:\/\/filiera.timbru.com\/?page_id=2716","title":{"rendered":"Android developpement"},"content":{"rendered":"<p>Nous avons un large panel\u00a0de comp\u00e9tence autour d&#8217;<strong>Android<\/strong> : int\u00e9gration mat\u00e9rielle et d\u00e9veloppement d&#8217;applications.<\/p>\n<p><img loading=\"lazy\" decoding=\"async\" class=\"aligncenter size-large wp-image-1861\" alt=\"android sample\" src=\"\/wp-content\/uploads\/2014\/01\/android-sample-1024x554.png\" width=\"720\" height=\"389\" \/><\/p>\n<p>Voici quelques aspects notables de notre savoir-faire.<\/p>\n<h3>Int\u00e9gration mat\u00e9rielle :<\/h3>\n<table class=\"tableSavoirFaire\">\n<tbody>\n<tr>\n<td>\n<ul>\n<\/p>\n<li>Adaptation du noyau Linux<\/li>\n<li>Plateforme Freescale iMX6<\/li>\n<li>Gestion d&#8217;\u00e9nergie<\/li>\n<li>P\u00e9riph\u00e9riques non standards (USB, I2C, SPI, &#8230;)<\/li>\n<li>Adaptation de l&#8217;interface utilisateur<\/li>\n<li>Test de conformit\u00e9 CDD<\/li>\n<\/ul>\n<\/td>\n<\/tr>\n<\/tbody>\n<\/table>\n<h3>D\u00e9veloppement d&#8217;applications :<\/h3>\n<table class=\"tableSavoirFaire\">\n<tbody>\n<tr>\n<td width=\"33%\">\n<h2>Langages<\/h2>\n<ul>\n<li>JAVA<\/li>\n<li>C \/ C++ (via NDK)<\/li>\n<li>HTML \/ CSS \/ Java Script (via Webview)<\/li>\n<\/ul>\n<\/td>\n<td width=\"33%\">\n<h2>R\u00e9seaux<\/h2>\n<ul>\n<li>Client &#8211; Serveur<\/li>\n<li>Downloader robuste<\/li>\n<li>Uploader multi-part<\/li>\n<\/ul>\n<\/td>\n<td width=\"33%\">\n<h2>Media<\/h2>\n<ul>\n<li>Player Audio<\/li>\n<li>Player Video<\/li>\n<\/ul>\n<\/td>\n<\/tr>\n<tr>\n<td>\n<h2>Visuels<\/h2>\n<ul>\n<li>Interface utilisateur \u00a0complexes et adaptatives<\/li>\n<li>Lecteur PDF personnalis\u00e9<\/li>\n<li>Cr\u00e9ation de Widgets<\/li>\n<li>Webview totalement int\u00e9gr\u00e9e<\/li>\n<li>Module de dessins r\u00e9actif et pr\u00e9cis<\/li>\n<\/ul>\n<h2><\/h2>\n<\/td>\n<td>\n<h2>Interactivit\u00e9<\/h2>\n<ul>\n<li>Algorithme de &#8220;palm rejection&#8221; sp\u00e9cifique<\/li>\n<li>Affichage sur \u00e9cran d\u00e9port\u00e9 (VNC)<\/li>\n<li>Gestion d&#8217;\u00e9ventements avanc\u00e9s<\/li>\n<li>Int\u00e9gration du SPen de Samsung<\/li>\n<li>Reconnaissance de gestes<\/li>\n<\/ul>\n<\/td>\n<td>\n<h2>Donn\u00e9es<\/h2>\n<ul>\n<li>Localisation de l&#8217;application<\/li>\n<li><span style=\"line-height: 1.5em;\">Gestion d&#8217;un cache fichier de ressources<\/span><\/li>\n<li>Parsing XML et JSON<\/li>\n<li><span style=\"line-height: 1.5em;\">Parsing script\u00e9 avec compl\u00e9tion<\/span><\/li>\n<\/ul>\n<\/td>\n<\/tr>\n<tr>\n<td colspan=\"2\">\n<h2>Syst\u00e8me<\/h2>\n<ul>\n<li>Mise \u00e0 jour automatique de packages<\/li>\n<li>Surveillance des informations syst\u00e8me<\/li>\n<li>Gestion intelligente d&#8217;\u00e9conomie d&#8217;\u00e9nergie<\/li>\n<li>Protection du contexte d\u2019ex\u00e9cution<\/li>\n<li>Multi-thread: synchronisation, \u00e9change de donn\u00e9es<\/li>\n<li>Protection de code par crypto-syst\u00e8me<\/li>\n<\/ul>\n<\/td>\n<td>\n<h2>Applications<\/h2>\n<ul>\n<li>Outils de maintenance<\/li>\n<li>Capture et traitement d&#8217;images<\/li>\n<li>Support d&#8217;un lecteur de carte \u00e0 puce<\/li>\n<\/ul>\n<\/td>\n<\/tr>\n<\/tbody>\n<\/table>\n","protected":false},"excerpt":{"rendered":"<p>Nous avons un large panel\u00a0de comp\u00e9tence autour d&#8217;Android : int\u00e9gration mat\u00e9rielle et d\u00e9veloppement d&#8217;applications. Voici quelques aspects notables de notre savoir-faire. Int\u00e9gration mat\u00e9rielle : Adaptation du noyau Linux Plateforme Freescale iMX6 Gestion d&#8217;\u00e9nergie P\u00e9riph\u00e9riques non standards (USB, I2C, SPI, &#8230;) Adaptation de l&#8217;interface utilisateur Test de conformit\u00e9 CDD D\u00e9veloppement d&#8217;applications : Langages JAVA C \/ &hellip; <a href=\"http:\/\/filiera.timbru.com\/?page_id=2716\" class=\"more-link\">Continue reading <span class=\"screen-reader-text\">Android developpement<\/span> <span class=\"meta-nav\">&rarr;<\/span><\/a><\/p>\n","protected":false},"author":2,"featured_media":0,"parent":0,"menu_order":0,"comment_status":"closed","ping_status":"closed","template":"","meta":{"footnotes":""},"class_list":["post-2716","page","type-page","status-publish","hentry"],"_links":{"self":[{"href":"http:\/\/filiera.timbru.com\/index.php?rest_route=\/wp\/v2\/pages\/2716","targetHints":{"allow":["GET"]}}],"collection":[{"href":"http:\/\/filiera.timbru.com\/index.php?rest_route=\/wp\/v2\/pages"}],"about":[{"href":"http:\/\/filiera.timbru.com\/index.php?rest_route=\/wp\/v2\/types\/page"}],"author":[{"embeddable":true,"href":"http:\/\/filiera.timbru.com\/index.php?rest_route=\/wp\/v2\/users\/2"}],"replies":[{"embeddable":true,"href":"http:\/\/filiera.timbru.com\/index.php?rest_route=%2Fwp%2Fv2%2Fcomments&post=2716"}],"version-history":[{"count":0,"href":"http:\/\/filiera.timbru.com\/index.php?rest_route=\/wp\/v2\/pages\/2716\/revisions"}],"wp:attachment":[{"href":"http:\/\/filiera.timbru.com\/index.php?rest_route=%2Fwp%2Fv2%2Fmedia&parent=2716"}],"curies":[{"name":"wp","href":"https:\/\/api.w.org\/{rel}","templated":true}]}}