{"id":2699,"date":"2014-07-21T12:22:58","date_gmt":"2014-07-21T11:22:58","guid":{"rendered":"http:\/\/www.goobie.fr\/?page_id=2699"},"modified":"2014-07-21T12:22:58","modified_gmt":"2014-07-21T11:22:58","slug":"technology","status":"publish","type":"page","link":"http:\/\/filiera.timbru.com\/?page_id=2699","title":{"rendered":"Technology"},"content":{"rendered":"<p><a href=\"\/category\/technologies\/all\/\"><img loading=\"lazy\" decoding=\"async\" class=\"alignright size-full wp-image-1653\" alt=\"goobie products mix\" src=\"\/wp-content\/uploads\/2013\/12\/goobie-products-mix.png\" width=\"373\" height=\"315\" \/><\/a><br \/>\nLes exemples ci-apr\u00e8s donnent un aper\u00e7u de notre savoir-faire et des technologies mises en \u0153uvre dans un contexte industriel &#8211; de l&#8217;\u00e9tude \u00e0 la production en s\u00e9rie :<\/p>\n<ul>\n<li><a title=\"Hardware\" href=\"\/?cat_ID=4\">Hardware<\/a><\/li>\n<li><a title=\"Software\" href=\"\/?page_id=2167\">Software<\/a><\/li>\n<li><a title=\"M\u00e9canique\" href=\"\/?cat_ID=6\">M\u00e9canique<\/a><\/li>\n<\/ul>\n<p>Nous sommes parfois amen\u00e9s \u00e0 conduire des travaux d&#8217;expertise pr\u00e9liminaire permettant de conclure \u00e0 la faisabilit\u00e9 d&#8217;un concept, de d\u00e9finir l&#8217;architecture du syst\u00e8me ou de pr\u00e9ciser les technologies qui r\u00e9pondent aux besoins et aux contraintes industrielles.<br \/>\nLes diff\u00e9rents exemples ci-apr\u00e8s ont \u00e9t\u00e9 r\u00e9alis\u00e9s dans ce contexte pr\u00e9liminaire au d\u00e9veloppement proprement dit :<\/p>\n<ul>\n<li><a title=\"Expertise\" href=\"\/?cat_ID=12\">Expertise<\/a><\/li>\n<\/ul>\n<nav class=\"site-navigation post-navigation\" id=\"nav-below\" role=\"navigation\">\n<h1 class=\"assistive-text\"><\/h1>\n<p>&nbsp;<br \/>\n&nbsp;<br \/>\n&nbsp;<\/p>\n<p style=\"border-bottom: 1px solid #EEEEEE;\">\n<h1 class=\"assistive-text\">Post navigation<\/h1>\n<div class=\"single-nav-wrapper\">\n<div class=\"nav-previous\"><a href=\"\/?page_id=30\" rel=\"prev\"><span class=\"meta-nav\">\u2190<\/span> Societ\u00e9<\/a><\/div>\n<div class=\"nav-next\"><a href=\"\/?page_id=8\" rel=\"next\">Secteurs d&#8217;activit\u00e9 <span class=\"meta-nav\">\u2192<\/span><\/a><\/div>\n<\/div>\n<\/nav>\n","protected":false},"excerpt":{"rendered":"<p>Les exemples ci-apr\u00e8s donnent un aper\u00e7u de notre savoir-faire et des technologies mises en \u0153uvre dans un contexte industriel &#8211; de l&#8217;\u00e9tude \u00e0 la production en s\u00e9rie : Hardware Software M\u00e9canique Nous sommes parfois amen\u00e9s \u00e0 conduire des travaux d&#8217;expertise pr\u00e9liminaire permettant de conclure \u00e0 la faisabilit\u00e9 d&#8217;un concept, de d\u00e9finir l&#8217;architecture du syst\u00e8me ou &hellip; <a href=\"http:\/\/filiera.timbru.com\/?page_id=2699\" class=\"more-link\">Continue reading <span class=\"screen-reader-text\">Technology<\/span> <span class=\"meta-nav\">&rarr;<\/span><\/a><\/p>\n","protected":false},"author":2,"featured_media":0,"parent":0,"menu_order":2,"comment_status":"closed","ping_status":"closed","template":"","meta":{"footnotes":""},"class_list":["post-2699","page","type-page","status-publish","hentry"],"_links":{"self":[{"href":"http:\/\/filiera.timbru.com\/index.php?rest_route=\/wp\/v2\/pages\/2699","targetHints":{"allow":["GET"]}}],"collection":[{"href":"http:\/\/filiera.timbru.com\/index.php?rest_route=\/wp\/v2\/pages"}],"about":[{"href":"http:\/\/filiera.timbru.com\/index.php?rest_route=\/wp\/v2\/types\/page"}],"author":[{"embeddable":true,"href":"http:\/\/filiera.timbru.com\/index.php?rest_route=\/wp\/v2\/users\/2"}],"replies":[{"embeddable":true,"href":"http:\/\/filiera.timbru.com\/index.php?rest_route=%2Fwp%2Fv2%2Fcomments&post=2699"}],"version-history":[{"count":0,"href":"http:\/\/filiera.timbru.com\/index.php?rest_route=\/wp\/v2\/pages\/2699\/revisions"}],"wp:attachment":[{"href":"http:\/\/filiera.timbru.com\/index.php?rest_route=%2Fwp%2Fv2%2Fmedia&parent=2699"}],"curies":[{"name":"wp","href":"https:\/\/api.w.org\/{rel}","templated":true}]}}