{"id":2692,"date":"2014-07-21T12:18:14","date_gmt":"2014-07-21T11:18:14","guid":{"rendered":"http:\/\/www.goobie.fr\/?page_id=2692"},"modified":"2014-07-21T12:18:14","modified_gmt":"2014-07-21T11:18:14","slug":"join-us","status":"publish","type":"page","link":"http:\/\/filiera.timbru.com\/?page_id=2692","title":{"rendered":"Join Us"},"content":{"rendered":"<p><span style=\"color: #ff0000;\"><strong>GOOBIE<\/strong> <\/span>recrute des ing\u00e9nieurs et chefs de projets dans le domaine de l&#8217;\u00e9lectronique, du logiciel et de la m\u00e9canique.<br \/>\nPour accompagner notre croissance, nous recherchons \u00e9galement un ing\u00e9nieur commercial.<br \/>\nPour postuler, envoyer CV + lettre de motivation \u00e0 :<\/p>\n<table class=\"tableSavoirFaire\">\n<tbody>\n<tr>\n<td colspan=\"3\">\n<p style=\"margin-left: 1em;\"><strong><span style=\"color: #ff0000;\">GOOBIE<\/span> <\/strong>&#8211; 23 Avenue Louis BREGUET &#8211; 78140 V\u00e9lizy-Villacoublay<br \/>\nou<br \/>\n<a href=\"mailto:goobie.sales@goobie.fr\">goobie.recrutement@goobie.fr<\/a>\n<\/p>\n<\/td>\n<\/tr>\n<\/tbody>\n<\/table>\n<p><\/br><\/p>\n<nav class=\"site-navigation post-navigation\" id=\"nav-below\" role=\"navigation\">\n<p style=\"border-bottom: 1px solid #EEEEEE;\">\n<h1 class=\"assistive-text\"><\/h1>\n<h1 class=\"assistive-text\">Post navigation<\/h1>\n<div class=\"single-nav-wrapper\">\n<div class=\"nav-previous\"><a href=\"..\/partenaires\/\" rel=\"prev\"><span class=\"meta-nav\">\u2190<\/span> Partenaires<\/a><\/div>\n<div class=\"nav-next\"><a href=\"..\/..\/technologies\/\" rel=\"next\">Technologies <span class=\"meta-nav\">\u2192<\/span><\/a><\/div>\n<\/div>\n<\/nav>\n","protected":false},"excerpt":{"rendered":"<p>GOOBIE recrute des ing\u00e9nieurs et chefs de projets dans le domaine de l&#8217;\u00e9lectronique, du logiciel et de la m\u00e9canique. Pour accompagner notre croissance, nous recherchons \u00e9galement un ing\u00e9nieur commercial. Pour postuler, envoyer CV + lettre de motivation \u00e0 : GOOBIE &#8211; 23 Avenue Louis BREGUET &#8211; 78140 V\u00e9lizy-Villacoublay ou goobie.recrutement@goobie.fr Post navigation \u2190 Partenaires Technologies &hellip; <a href=\"http:\/\/filiera.timbru.com\/?page_id=2692\" class=\"more-link\">Continue reading <span class=\"screen-reader-text\">Join Us<\/span> <span class=\"meta-nav\">&rarr;<\/span><\/a><\/p>\n","protected":false},"author":2,"featured_media":0,"parent":2676,"menu_order":6,"comment_status":"closed","ping_status":"closed","template":"","meta":{"footnotes":""},"class_list":["post-2692","page","type-page","status-publish","hentry"],"_links":{"self":[{"href":"http:\/\/filiera.timbru.com\/index.php?rest_route=\/wp\/v2\/pages\/2692","targetHints":{"allow":["GET"]}}],"collection":[{"href":"http:\/\/filiera.timbru.com\/index.php?rest_route=\/wp\/v2\/pages"}],"about":[{"href":"http:\/\/filiera.timbru.com\/index.php?rest_route=\/wp\/v2\/types\/page"}],"author":[{"embeddable":true,"href":"http:\/\/filiera.timbru.com\/index.php?rest_route=\/wp\/v2\/users\/2"}],"replies":[{"embeddable":true,"href":"http:\/\/filiera.timbru.com\/index.php?rest_route=%2Fwp%2Fv2%2Fcomments&post=2692"}],"version-history":[{"count":0,"href":"http:\/\/filiera.timbru.com\/index.php?rest_route=\/wp\/v2\/pages\/2692\/revisions"}],"up":[{"embeddable":true,"href":"http:\/\/filiera.timbru.com\/index.php?rest_route=\/wp\/v2\/pages\/2676"}],"wp:attachment":[{"href":"http:\/\/filiera.timbru.com\/index.php?rest_route=%2Fwp%2Fv2%2Fmedia&parent=2692"}],"curies":[{"name":"wp","href":"https:\/\/api.w.org\/{rel}","templated":true}]}}