{"id":2676,"date":"2014-07-21T12:08:15","date_gmt":"2014-07-21T11:08:15","guid":{"rendered":"http:\/\/www.goobie.fr\/?page_id=2676"},"modified":"2014-07-21T12:08:15","modified_gmt":"2014-07-21T11:08:15","slug":"compagny","status":"publish","type":"page","link":"http:\/\/filiera.timbru.com\/?page_id=2676","title":{"rendered":"Compagny"},"content":{"rendered":"<p><a href=\"\/wp-content\/uploads\/2013\/12\/GOOBIE-011-lite.jpg\"><img loading=\"lazy\" decoding=\"async\" class=\"size-medium wp-image-549 alignright\" style=\"margin-left: 15px; margin-right: 15px;\" alt=\"GOOBIE 011 - lite\" src=\"\/wp-content\/uploads\/2013\/12\/GOOBIE-011-lite-300x225.jpg\" width=\"300\" height=\"225\" \/><\/a>Fin 2007, <a title=\"Profile de Pierre Chichignoud\" href=\"http:\/\/www.linkedin.com\/pub\/pierre-chichignoud\/4\/841\/a93\" target=\"_blank\">P. CHICHIGNOUD<\/a> et <a title=\"Profile linkedin de Michel Benkemoun\u200e\" href=\"http:\/\/www.linkedin.com\/pub\/michel-benkemoun\/8\/424\/686\" target=\"_blank\">M. BENKEMOUN<\/a> d\u00e9cident de fonder, \u00e0 V\u00e9lizy (78 Yvelines), la soci\u00e9t\u00e9 <a title=\"GOOBIE\" href=\"http:\/\/www.linkedin.com\/company\/goobie?trk=ppro_cprof\"><span style=\"color: #ff0000;\"><strong>GOOBIE<\/strong><\/span><\/a>, sp\u00e9cialis\u00e9e dans la cr\u00e9ation de solutions et produits \u00e9lectroniques innovants.<\/p>\n<p>Derri\u00e8re cette naissance, le constat qu\u2019il est pr\u00e9f\u00e9rable pour tout client de n\u2019avoir qu\u2019un seul interlocuteur, capable de s\u2019engager et de l\u2019accompagner de l\u2019\u00e9tude \u00e0 la production en s\u00e9rie.<br \/>\nD\u00e8s le d\u00e9part, les deux fondateurs privil\u00e9gient l\u2019excellence technique. Tr\u00e8s rapidement, ils s\u2019entourent d\u2019une \u00e9quipe pluridisciplinaire de chefs de projets et d\u2019ing\u00e9nieurs de forte comp\u00e9tence (\u00e9lectronique, logiciel, m\u00e9canique, conduite de projets). Parall\u00e8lement, ils tissent un r\u00e9seau de partenaires technologiques, industriels et universitaires, sur lesquels ils s\u2019appuient pour compl\u00e9ter leur offre.<br \/>\nDans un secteur qui est soumis \u00e0 une concurrence extr\u00eamement rude, notamment asiatique, <span style=\"color: #ff0000;\"><strong>GOOBIE<\/strong> <\/span>a su rapidement se d\u00e9marquer et d\u00e9velopper sa notori\u00e9t\u00e9.<\/p>\n<p>Ce succ\u00e8s repose sur une <strong>Offre Globale<\/strong>, fond\u00e9e sur les principes suivants :<\/p>\n<ul>\n<li>Placer l\u2019innovation technologique au premier plan<\/li>\n<li>Proposer aux clients une offre cumulant \u00e9tude, conception, industrialisation et production en s\u00e9rie<\/li>\n<li>Assurer une interface unique avec les clients tout au long du projet, leur permettant ainsi de se concentrer sur leur c\u0153ur de m\u00e9tier<\/li>\n<li>Minimiser le risque entre l\u2019\u00e9tude (prototypes) et la production s\u00e9rie, en ma\u00eetrisant l&#8217;\u00e9tape critique d\u2019industrialisation<\/li>\n<li>Acc\u00e9l\u00e9rer la mise sur le march\u00e9 des produits, un atout consid\u00e9rable dans un contexte international hautement concurrentiel<\/li>\n<li>Ma\u00eetriser les co\u00fbts d\u00e8s le d\u00e9but du projet par une d\u00e9marche \u00e0 \u00ab co\u00fbt objectif \u00bb<\/li>\n<li>\u00catre r\u00e9actif et viser l\u2019excellence<\/li>\n<\/ul>\n<p>En quelques ann\u00e9es, <span style=\"color: #ff0000;\"><strong>GOOBIE<\/strong> <\/span>a su innover dans les technologies de pointe puis personnaliser le fruit de sa R&amp;D dans des applications industrielles concr\u00e8tes pour ses clients, travaillant avec des acteurs reconnus des secteurs suivants :<\/p>\n<ul>\n<li><a title=\"Multimedia\" href=\"\/category\/secteur-d-activite\/multimedia\/\" target=\"_blank\">Multim\u00e9dia<\/a><\/li>\n<li><a title=\"Telecom\" href=\"\/category\/secteur-d-activite\/telecoms\/\" target=\"_blank\">T\u00e9l\u00e9coms<\/a><\/li>\n<li><a title=\"Telematique &amp; M2M\" href=\"\/category\/secteur-d-activite\/telematique-m2m\/\" target=\"_blank\">T\u00e9l\u00e9matique et M2M<\/a><\/li>\n<li><a title=\"Domotique &amp; internet des objects\" href=\"\/category\/secteur-d-activite\/domotique-internet-des-objets\/\" target=\"_blank\">Domotique et Internet des objets<\/a><\/li>\n<li><a title=\"Industriel\" href=\"\/category\/secteur-d-activite\/industriel\/\">Secteurs industriels<\/a> de pointe (m\u00e9dical, d\u00e9fense, \u00e9nergie, transports, &#8230;)<\/li>\n<\/ul>\n<p>Au fil des projets, <span style=\"color: #ff0000;\"><strong>GOOBIE<\/strong> <\/span>a renforc\u00e9 son expertise pour r\u00e9aliser de nombreux projets, gr\u00e2ce \u00e0 une palette de clients (Start-up, PME\/PMI, Grands Groupes) s\u00e9duits par une philosophie bas\u00e9e tout enti\u00e8re sur la ma\u00eetrise de l\u2019innovation.<\/p>\n<p>&nbsp;<\/p>\n<nav class=\"site-navigation post-navigation\" id=\"nav-below\" role=\"navigation\">\n<h1 class=\"assistive-text\">Post navigation<\/h1>\n<p style=\"border-bottom: 1px solid #EEEEEE;\">\n<div class=\"single-nav-wrapper\">\n<div class=\"nav-previous\"><a href=\"\/\" rel=\"prev\"><span class=\"meta-nav\">\u2190<\/span> Accueil<\/a><\/div>\n<div class=\"nav-next\"><a href=\"\/?page_id=32\" rel=\"next\">Savoir faire <span class=\"meta-nav\">\u2192<\/span><\/a><\/div>\n<\/div>\n<\/nav>\n","protected":false},"excerpt":{"rendered":"<p>Fin 2007, P. CHICHIGNOUD et M. BENKEMOUN d\u00e9cident de fonder, \u00e0 V\u00e9lizy (78 Yvelines), la soci\u00e9t\u00e9 GOOBIE, sp\u00e9cialis\u00e9e dans la cr\u00e9ation de solutions et produits \u00e9lectroniques innovants. Derri\u00e8re cette naissance, le constat qu\u2019il est pr\u00e9f\u00e9rable pour tout client de n\u2019avoir qu\u2019un seul interlocuteur, capable de s\u2019engager et de l\u2019accompagner de l\u2019\u00e9tude \u00e0 la production en &hellip; <a href=\"http:\/\/filiera.timbru.com\/?page_id=2676\" class=\"more-link\">Continue reading <span class=\"screen-reader-text\">Compagny<\/span> <span class=\"meta-nav\">&rarr;<\/span><\/a><\/p>\n","protected":false},"author":2,"featured_media":0,"parent":0,"menu_order":1,"comment_status":"closed","ping_status":"closed","template":"","meta":{"footnotes":""},"class_list":["post-2676","page","type-page","status-publish","hentry"],"_links":{"self":[{"href":"http:\/\/filiera.timbru.com\/index.php?rest_route=\/wp\/v2\/pages\/2676","targetHints":{"allow":["GET"]}}],"collection":[{"href":"http:\/\/filiera.timbru.com\/index.php?rest_route=\/wp\/v2\/pages"}],"about":[{"href":"http:\/\/filiera.timbru.com\/index.php?rest_route=\/wp\/v2\/types\/page"}],"author":[{"embeddable":true,"href":"http:\/\/filiera.timbru.com\/index.php?rest_route=\/wp\/v2\/users\/2"}],"replies":[{"embeddable":true,"href":"http:\/\/filiera.timbru.com\/index.php?rest_route=%2Fwp%2Fv2%2Fcomments&post=2676"}],"version-history":[{"count":0,"href":"http:\/\/filiera.timbru.com\/index.php?rest_route=\/wp\/v2\/pages\/2676\/revisions"}],"wp:attachment":[{"href":"http:\/\/filiera.timbru.com\/index.php?rest_route=%2Fwp%2Fv2%2Fmedia&parent=2676"}],"curies":[{"name":"wp","href":"https:\/\/api.w.org\/{rel}","templated":true}]}}