{"id":2167,"date":"2014-06-25T13:08:57","date_gmt":"2014-06-25T12:08:57","guid":{"rendered":"http:\/\/www.goobie.fr\/?page_id=2167"},"modified":"2014-06-25T13:08:57","modified_gmt":"2014-06-25T12:08:57","slug":"software","status":"publish","type":"page","link":"http:\/\/filiera.timbru.com\/?page_id=2167","title":{"rendered":"Software"},"content":{"rendered":"<table style=\"\" border=\"0\">\n<tbody>\n<tr>\n<td style=\"width:15%;\"><\/td>\n<td style=\"width:35%;\">\n<ul>\n<li>Int\u00e9gration noyau Linux<\/li>\n<li>D\u00e9veloppement de drivers<\/li>\n<li>Int\u00e9gration d&#8217;applications open source<\/li>\n<li>D\u00e9veloppement d&#8217;applications sp\u00e9cifiques<\/li>\n<\/ul>\n<\/td>\n<td style=\"width:35%;\">\n<ul>\n<li>Logiciel temps r\u00e9el<\/li>\n<li>Contraintes d&#8217;\u00e9conomie d&#8217;\u00e9nergie<\/li>\n<li>Architectures syst\u00e8me<\/li>\n<\/ul>\n<\/td>\n<td style=\"width:15%;\"><\/td>\n<\/tr>\n<\/tbody>\n<\/table>\n<div class=\"containerShortcut\">\n<div class=\"span12\">\n<div class=\"row-fluid\">\n<div class=\"entry-content\">\n<div class=\"span4\" style=\"cursor: pointer;\" onclick=\"window.location='\/category\/technologies\/software\/';\">\n<div class=\"teaser_box\">\n<div class=\"aligncenter\"><a><br \/>\n<img decoding=\"async\" class=\"imgborder\" alt=\"\" src=\"\/wp-content\/uploads\/2014\/06\/linux.png\" \/><br \/>\n<\/a><\/div>\n<h3 class=\"teaser_title\"><a>Linux<\/a><\/h3>\n<\/div>\n<\/div>\n<div class=\"span4\" style=\"cursor: pointer;\" onclick=\"window.location='\/developpement-android\/';\">\n<div class=\"teaser_box\">\n<div class=\"aligncenter\"><a><br \/>\n<img decoding=\"async\" class=\"imgborder\" alt=\"\" src=\"\/wp-content\/uploads\/2014\/06\/android.png\" \/><br \/>\n<\/a><\/div>\n<h3 class=\"teaser_title\"><a>Android<\/a><\/h3>\n<\/div>\n<\/div>\n<div class=\"span4 last\" style=\"cursor: pointer;\" onclick=\"window.location='\/category\/technologies\/software\/';\">\n<div class=\"teaser_box\">\n<div class=\"aligncenter\"><a><br \/>\n<img decoding=\"async\" class=\"imgborder\" alt=\"\" src=\"\/wp-content\/uploads\/2014\/06\/hardware.png\" \/><br \/>\n<\/a><\/div>\n<h3 class=\"teaser_title\"><a>Microcontr\u00f4leur<\/a><\/h3>\n<\/div>\n<\/div>\n<\/div>\n<\/div>\n<\/div>\n<\/div>\n<p><a style=\"float:right; margin-top:50px;\" href=\"\/category\/technologies\/software\/\"><\/p>\n<p><img decoding=\"async\" class=\"imgborder\" style=\"float:right; opacity:0.3;\" alt=\"\" src=\"\/wp-content\/uploads\/2014\/06\/all_projects.png\" \/><\/p>\n<div style=\"float:right;\">Tous nos projets<\/div>\n<p><\/a><\/p>\n<p>&nbsp;&nbsp;&nbsp;&nbsp;&nbsp;<\/p>\n<p style=\"border-bottom: 1px solid #EEEEEE;\">\n","protected":false},"excerpt":{"rendered":"<p>Int\u00e9gration noyau Linux D\u00e9veloppement de drivers Int\u00e9gration d&#8217;applications open source D\u00e9veloppement d&#8217;applications sp\u00e9cifiques Logiciel temps r\u00e9el Contraintes d&#8217;\u00e9conomie d&#8217;\u00e9nergie Architectures syst\u00e8me Linux Android Microcontr\u00f4leur Tous nos projets &nbsp;&nbsp;&nbsp;&nbsp;&nbsp;<\/p>\n","protected":false},"author":2,"featured_media":0,"parent":0,"menu_order":0,"comment_status":"closed","ping_status":"closed","template":"","meta":{"footnotes":""},"class_list":["post-2167","page","type-page","status-publish","hentry"],"_links":{"self":[{"href":"http:\/\/filiera.timbru.com\/index.php?rest_route=\/wp\/v2\/pages\/2167","targetHints":{"allow":["GET"]}}],"collection":[{"href":"http:\/\/filiera.timbru.com\/index.php?rest_route=\/wp\/v2\/pages"}],"about":[{"href":"http:\/\/filiera.timbru.com\/index.php?rest_route=\/wp\/v2\/types\/page"}],"author":[{"embeddable":true,"href":"http:\/\/filiera.timbru.com\/index.php?rest_route=\/wp\/v2\/users\/2"}],"replies":[{"embeddable":true,"href":"http:\/\/filiera.timbru.com\/index.php?rest_route=%2Fwp%2Fv2%2Fcomments&post=2167"}],"version-history":[{"count":0,"href":"http:\/\/filiera.timbru.com\/index.php?rest_route=\/wp\/v2\/pages\/2167\/revisions"}],"wp:attachment":[{"href":"http:\/\/filiera.timbru.com\/index.php?rest_route=%2Fwp%2Fv2%2Fmedia&parent=2167"}],"curies":[{"name":"wp","href":"https:\/\/api.w.org\/{rel}","templated":true}]}}