{"id":2018,"date":"2013-12-13T15:04:13","date_gmt":"2013-12-13T14:04:13","guid":{"rendered":"http:\/\/eiboog.wordpress.com\/?page_id=8"},"modified":"2013-12-13T15:04:13","modified_gmt":"2013-12-13T14:04:13","slug":"secteurs-d-activite","status":"publish","type":"page","link":"http:\/\/filiera.timbru.com\/?page_id=2018","title":{"rendered":"Secteurs d&#039;activit\u00e9"},"content":{"rendered":"<p>Les exemples ci-apr\u00e8s donnent un aper\u00e7u des r\u00e9cents d\u00e9veloppements effectu\u00e9s par nos \u00e9quipes dans les secteurs d&#8217;activit\u00e9s suivants :<\/p>\n<ul>\n<li><a title=\"Multimedia\" href=\"..\/category\/secteur-dactivite\/multimedia\/\">Multim\u00e9dia<\/a><\/li>\n<li><a title=\"Telecom\" href=\"..\/category\/secteur-dactivite\/telecoms\/\">T\u00e9l\u00e9coms<\/a><\/li>\n<li><a title=\"Telematique &amp; M2M\" href=\"..\/category\/secteur-dactivite\/telematique-m2m\/\">T\u00e9l\u00e9matique et M2M<\/a><\/li>\n<li><a title=\"Domotique &amp; internet des objects\" href=\"..\/category\/secteur-dactivite\/domotique-internet-des-objets\/\">Domotique et Internet des objets<\/a><\/li>\n<li><a title=\"Industriel\" href=\"..\/category\/secteur-dactivite\/industriel\/\">Secteurs industriels<\/a> de pointe (m\u00e9dical, d\u00e9fense, \u00e9nergie, transports, &#8230;)<\/li>\n<\/ul>\n<p>Ces projets ont \u00e9t\u00e9 syst\u00e9matiquement d\u00e9velopp\u00e9s dans un contexte de production s\u00e9rie \u00e0 venir, avec prise en compte d\u00e8s le d\u00e9part des contraintes industrielles : optimisations de BOM, process industriel, testabilit\u00e9, int\u00e9gration hardware-software-m\u00e9canique, \u2026<\/p>\n<p>&nbsp;<\/p>\n<nav class=\"site-navigation post-navigation\" id=\"nav-below\" role=\"navigation\">\n<p style=\"border-bottom: 1px solid #EEEEEE;\">\n<h1 class=\"assistive-text\">Post navigation<\/h1>\n<div class=\"single-nav-wrapper\">\n<div class=\"nav-previous\"><a href=\"..\/technologies\/\" rel=\"prev\"><span class=\"meta-nav\">\u2190<\/span> Technologies<\/a><\/div>\n<div class=\"nav-next\"><a href=\"..\/recherche-et-developpement\/\" rel=\"next\">R&amp;D <span class=\"meta-nav\">\u2192<\/span><\/a><\/div>\n<\/div>\n<\/nav>\n","protected":false},"excerpt":{"rendered":"<p>Les exemples ci-apr\u00e8s donnent un aper\u00e7u des r\u00e9cents d\u00e9veloppements effectu\u00e9s par nos \u00e9quipes dans les secteurs d&#8217;activit\u00e9s suivants : Multim\u00e9dia T\u00e9l\u00e9coms T\u00e9l\u00e9matique et M2M Domotique et Internet des objets Secteurs industriels de pointe (m\u00e9dical, d\u00e9fense, \u00e9nergie, transports, &#8230;) Ces projets ont \u00e9t\u00e9 syst\u00e9matiquement d\u00e9velopp\u00e9s dans un contexte de production s\u00e9rie \u00e0 venir, avec prise en &hellip; <a href=\"http:\/\/filiera.timbru.com\/?page_id=2018\" class=\"more-link\">Continue reading <span class=\"screen-reader-text\">Secteurs d&#039;activit\u00e9<\/span> <span class=\"meta-nav\">&rarr;<\/span><\/a><\/p>\n","protected":false},"author":2,"featured_media":0,"parent":0,"menu_order":3,"comment_status":"closed","ping_status":"closed","template":"","meta":{"footnotes":""},"class_list":["post-2018","page","type-page","status-publish","hentry"],"_links":{"self":[{"href":"http:\/\/filiera.timbru.com\/index.php?rest_route=\/wp\/v2\/pages\/2018","targetHints":{"allow":["GET"]}}],"collection":[{"href":"http:\/\/filiera.timbru.com\/index.php?rest_route=\/wp\/v2\/pages"}],"about":[{"href":"http:\/\/filiera.timbru.com\/index.php?rest_route=\/wp\/v2\/types\/page"}],"author":[{"embeddable":true,"href":"http:\/\/filiera.timbru.com\/index.php?rest_route=\/wp\/v2\/users\/2"}],"replies":[{"embeddable":true,"href":"http:\/\/filiera.timbru.com\/index.php?rest_route=%2Fwp%2Fv2%2Fcomments&post=2018"}],"version-history":[{"count":0,"href":"http:\/\/filiera.timbru.com\/index.php?rest_route=\/wp\/v2\/pages\/2018\/revisions"}],"wp:attachment":[{"href":"http:\/\/filiera.timbru.com\/index.php?rest_route=%2Fwp%2Fv2%2Fmedia&parent=2018"}],"curies":[{"name":"wp","href":"https:\/\/api.w.org\/{rel}","templated":true}]}}